{"id":22,"date":"2025-05-08T14:28:20","date_gmt":"2025-05-08T11:28:20","guid":{"rendered":"http:\/\/tmikmrantala.ddns.net\/?page_id=22"},"modified":"2025-07-07T19:43:12","modified_gmt":"2025-07-07T16:43:12","slug":"pyorahuolto","status":"publish","type":"page","link":"http:\/\/kmrantala.ddns.net\/index.php\/pyorahuolto\/","title":{"rendered":"Py\u00f6r\u00e4huolto"},"content":{"rendered":"\n<div class=\"wp-block-cover is-light\"><img loading=\"lazy\" decoding=\"async\" width=\"1200\" height=\"795\" class=\"wp-block-cover__image-background wp-image-23 size-full\" alt=\"\" src=\"http:\/\/kmrantala.ddns.net\/wp-content\/uploads\/2025\/05\/rikkinainen_pyora.png\" data-object-fit=\"cover\"\/><span aria-hidden=\"true\" class=\"wp-block-cover__background has-background-dim\" style=\"background-color:#898989\"><\/span><div class=\"wp-block-cover__inner-container is-layout-constrained wp-block-cover-is-layout-constrained\">\n<p class=\"has-text-align-center has-large-font-size\"><\/p>\n<\/div><\/div>\n\n\n\n<p>Varaa aika py\u00f6r\u00e4huoltoon alla olevasta painikkeesta avautuvasta kalenterista, tai soita 050 492 8212<br>Puhelimitse mahdollista sopia my\u00f6s varauskalenterin ulkopuolisista huoltoajoista.<br>Teen py\u00f6r\u00e4huoltoja sivutoimisesti vapaa-ajallani<\/p>\n\n\n\n<!-- Google Calendar Appointment Scheduling begin -->\n<link href=\"https:\/\/calendar.google.com\/calendar\/scheduling-button-script.css\" rel=\"stylesheet\">\n<script src=\"https:\/\/calendar.google.com\/calendar\/scheduling-button-script.js\" async><\/script>\n<script>\n(function() {\n  var target = document.currentScript;\n  window.addEventListener('load', function() {\n    calendar.schedulingButton.load({\n      url: 'https:\/\/calendar.google.com\/calendar\/appointments\/schedules\/AcZssZ11zYR1kcSvnqt3iorLFDmtxAm6nTgT11GlZ0km3q8mB96Dsm6j705ML7mHYO-g-VNkdLrkLCMp?gv=true',\n      color: '#66d1b3',\n      label: \"Varaa huoltoaika\",\n      target,\n    });\n  });\n})();\n<\/script>\n<!-- end Google Calendar Appointment Scheduling -->\n\n\n\n<p><strong>Py\u00f6r\u00e4huoltojen hinnasto<\/strong><br>Hintoihin sis\u00e4ltyy alv. 25,5%<br>Huolloissa vaadittavat varaosat ja tarvikkeet eiv\u00e4t sis\u00e4lly huoltohintoihin.<br>Maksutapoina k\u00e4yv\u00e4t k\u00e4teinen, korttimaksu ja MobilePay.<\/p>\n\n\n\n<figure class=\"wp-block-table\"><table class=\"has-fixed-layout\"><tbody><tr><td><strong>Polkupy\u00f6r\u00e4n nouto ja\/tai palautus<\/strong><br><em>&#8211; Saatavilla vain Porin alueella<\/em><\/td><td class=\"has-text-align-center\" data-align=\"center\">0,75\u20ac\/km<\/td><\/tr><tr><td><strong>Py\u00f6r\u00e4n perushuolto<br><\/strong><em>&#8211; Py\u00f6r\u00e4n pesu<br>&#8211; Voimansiirron puhdistus ja voitelu<br>&#8211; Vaihteiden tarkastus ja s\u00e4\u00e4t\u00f6<br>&#8211; Jarrujen tarkastus ja s\u00e4\u00e4t\u00f6<br>&#8211; Tarvittavien kohteiden voitelu<br>&#8211; Ruuvien ja muttereiden kiristys oikeisiin momentteihin<br>&#8211; Py\u00f6r\u00e4n osien ja ajokunnon tarkistus<br>&#8211; Huoltodokumentti tehdyist\u00e4 huoltotoimenpiteist\u00e4 ja havainnoista<\/em><\/td><td class=\"has-text-align-center\" data-align=\"center\">50\u20ac<\/td><\/tr><tr><td><strong>Jarrut<\/strong><\/td><td class=\"has-text-align-center\" data-align=\"center\"><\/td><\/tr><tr><td>Jarrujen s\u00e4\u00e4t\u00f6 (etu- ja takajarru)<\/td><td class=\"has-text-align-center\" data-align=\"center\">20\u20ac<\/td><\/tr><tr><td>Jarruvaijerin vaihto\/uusinta (eteen tai taakse)<\/td><td class=\"has-text-align-center\" data-align=\"center\">20\u20ac<\/td><\/tr><tr><td>Jarrulevyn asennus (eteen tai taakse)<\/td><td class=\"has-text-align-center\" data-align=\"center\">20\u20ac<\/td><\/tr><tr><td>Jarrupalojen vaihto (eteen tai taakse)<\/td><td class=\"has-text-align-center\" data-align=\"center\">20\u20ac<\/td><\/tr><tr><td>Levyjarrusarjan asennus (eteen tai taakse)<\/td><td class=\"has-text-align-center\" data-align=\"center\">30\u20ac<\/td><\/tr><tr><td>Shimano nestejarrujen ilmaus (eteen tai taakse)<\/td><td class=\"has-text-align-center\" data-align=\"center\">20\u20ac<\/td><\/tr><tr><td><strong>Polkimet<\/strong><\/td><td class=\"has-text-align-center\" data-align=\"center\"><\/td><\/tr><tr><td>Poljinkampien vaihto<\/td><td class=\"has-text-align-center\" data-align=\"center\">20\u20ac<\/td><\/tr><tr><td>Polkimien vaihto<\/td><td class=\"has-text-align-center\" data-align=\"center\">15\u20ac<\/td><\/tr><tr><td><strong>Renkaat<\/strong><\/td><td class=\"has-text-align-center\" data-align=\"center\"><\/td><\/tr><tr><td>Sis\u00e4kumillisen renkaan asennus\/vaihto (eteen tai taakse)<\/td><td class=\"has-text-align-center\" data-align=\"center\">15\u20ac<\/td><\/tr><tr><td>Tubeless renkaan asennus\/vaihto (eteen tai taakse)<\/td><td class=\"has-text-align-center\" data-align=\"center\">20\u20ac<\/td><\/tr><tr><td><strong>Vaihteisto ja voimansiirto<\/strong><\/td><td class=\"has-text-align-center\" data-align=\"center\"><\/td><\/tr><tr><td>Eturattaiden vaihto<\/td><td class=\"has-text-align-center\" data-align=\"center\">25\u20ac<\/td><\/tr><tr><td>Etuvaihtajan asennus ja s\u00e4\u00e4t\u00f6<\/td><td class=\"has-text-align-center\" data-align=\"center\">25\u20ac<\/td><\/tr><tr><td>Ketjun vaihto<\/td><td class=\"has-text-align-center\" data-align=\"center\">15\u20ac<\/td><\/tr><tr><td>Takarataspakan asennus\/vaihto<\/td><td class=\"has-text-align-center\" data-align=\"center\">20\u20ac<\/td><\/tr><tr><td>Takarattaan vaihto napavaihteiseen<\/td><td class=\"has-text-align-center\" data-align=\"center\">20\u20ac<\/td><\/tr><tr><td>Takavaihtajan asennus ja s\u00e4\u00e4t\u00f6<\/td><td class=\"has-text-align-center\" data-align=\"center\">25\u20ac<\/td><\/tr><tr><td>Vaihdevaijerin vaihto ja s\u00e4\u00e4t\u00f6 (eteen tai taakse)<\/td><td class=\"has-text-align-center\" data-align=\"center\">20\u20ac<\/td><\/tr><tr><td>Vaihdevivun vaihto<\/td><td class=\"has-text-align-center\" data-align=\"center\">20\u20ac<\/td><\/tr><tr><td>Vaihteiden s\u00e4\u00e4t\u00f6 (etu- ja takavaihtaja)<\/td><td class=\"has-text-align-center\" data-align=\"center\">20\u20ac<\/td><\/tr><tr><td><strong>Ohjaustanko ja etuhaarukka<\/strong><\/td><td class=\"has-text-align-center\" data-align=\"center\"><\/td><\/tr><tr><td>Joustohaarukan ilmanpaineiden s\u00e4\u00e4t\u00f6<\/td><td class=\"has-text-align-center\" data-align=\"center\">15\u20ac<\/td><\/tr><tr><td>K\u00e4densijojen vaihto suoratankoiseen py\u00f6r\u00e4\u00e4n<\/td><td class=\"has-text-align-center\" data-align=\"center\">15\u20ac<\/td><\/tr><tr><td>Ohjainkannattimen vaihto<\/td><td class=\"has-text-align-center\" data-align=\"center\">20\u20ac<\/td><\/tr><tr><td>Ohjaustangon vaihto<\/td><td class=\"has-text-align-center\" data-align=\"center\">20\u20ac<\/td><\/tr><tr><td><strong>Lis\u00e4varusteasennukset<\/strong><br><em>&#8211; Etukorin\/-laukun asennus<br>&#8211; Sivulaukkujen asennus<br>&#8211; Lastenistuimen asennus<br>&#8211; Lokasuojien asennus<br>&#8211; Lukon asennus<br>&#8211; Satulatolpan \/ satulan vaihto<br>&#8211; Seisontatuen asennus<br>&#8211; Tavatelineen asennus<br>&#8211; Etu- tai takavalon asennus (ei s\u00e4hk\u00f6py\u00f6rien akusta virtaa ottavat)<\/em><\/td><td class=\"has-text-align-center\" data-align=\"center\">15\u20ac<\/td><\/tr><tr><td><strong>Uuden polkupy\u00f6r\u00e4n kasaus ja ajokuntoon laittaminen<\/strong><\/td><td class=\"has-text-align-center\" data-align=\"center\">40\u20ac<\/td><\/tr><tr><td><strong>Muut huoltoty\u00f6t<\/strong><\/td><td class=\"has-text-align-center\" data-align=\"center\">30\u20ac\/tunti<\/td><\/tr><\/tbody><\/table><\/figure>\n\n\n\n<!-- Google Calendar Appointment Scheduling begin -->\n<link href=\"https:\/\/calendar.google.com\/calendar\/scheduling-button-script.css\" rel=\"stylesheet\">\n<script src=\"https:\/\/calendar.google.com\/calendar\/scheduling-button-script.js\" async><\/script>\n<script>\n(function() {\n  var target = document.currentScript;\n  window.addEventListener('load', function() {\n    calendar.schedulingButton.load({\n      url: 'https:\/\/calendar.google.com\/calendar\/appointments\/schedules\/AcZssZ11zYR1kcSvnqt3iorLFDmtxAm6nTgT11GlZ0km3q8mB96Dsm6j705ML7mHYO-g-VNkdLrkLCMp?gv=true',\n      color: '#66d1b3',\n      label: \"Varaa huoltoaika\",\n      target,\n    });\n  });\n})();\n<\/script>\n<!-- end Google Calendar Appointment Scheduling -->\n\n\n\n<hr class=\"wp-block-separator has-alpha-channel-opacity is-style-wide\"\/>\n\n\n<div class=\"wp-block-image is-style-rounded\">\n<figure class=\"aligncenter size-large is-resized\"><a href=\"https:\/\/pyorailijantiepalvelu.fi\/\"><img loading=\"lazy\" decoding=\"async\" width=\"1024\" height=\"402\" src=\"http:\/\/kmrantala.ddns.net\/wp-content\/uploads\/2025\/05\/ptiepalvelu-1024x402.jpg\" alt=\"\" class=\"wp-image-315\" style=\"width:229px;height:auto\" srcset=\"http:\/\/kmrantala.ddns.net\/wp-content\/uploads\/2025\/05\/ptiepalvelu-1024x402.jpg 1024w, http:\/\/kmrantala.ddns.net\/wp-content\/uploads\/2025\/05\/ptiepalvelu-300x118.jpg 300w, http:\/\/kmrantala.ddns.net\/wp-content\/uploads\/2025\/05\/ptiepalvelu-768x301.jpg 768w, http:\/\/kmrantala.ddns.net\/wp-content\/uploads\/2025\/05\/ptiepalvelu-1536x603.jpg 1536w, http:\/\/kmrantala.ddns.net\/wp-content\/uploads\/2025\/05\/ptiepalvelu-2048x803.jpg 2048w, http:\/\/kmrantala.ddns.net\/wp-content\/uploads\/2025\/05\/ptiepalvelu-825x324.jpg 825w, http:\/\/kmrantala.ddns.net\/wp-content\/uploads\/2025\/05\/ptiepalvelu-1920x753.jpg 1920w, http:\/\/kmrantala.ddns.net\/wp-content\/uploads\/2025\/05\/ptiepalvelu-600x235.jpg 600w, http:\/\/kmrantala.ddns.net\/wp-content\/uploads\/2025\/05\/ptiepalvelu-400x157.jpg 400w\" sizes=\"auto, (max-width: 1024px) 100vw, 1024px\" \/><\/a><\/figure>\n<\/div>\n\n\n<p class=\"has-text-align-center\">Tarjoan apua Py\u00f6r\u00e4ilij\u00e4n tiepalvelu -palvelun kautta.<br>Palvelun kautta apua pyyt\u00e4ville py\u00f6r\u00e4ilij\u00f6ille tarjoan apua ilmaiseksi<\/p>\n","protected":false},"excerpt":{"rendered":"<p>Varaa aika py\u00f6r\u00e4huoltoon alla olevasta painikkeesta avautuvasta kalenterista, tai soita 050 492 8212Puhelimitse mahdollista sopia my\u00f6s varauskalenterin ulkopuolisista huoltoajoista.Teen py\u00f6r\u00e4huoltoja sivutoimisesti vapaa-ajallani Py\u00f6r\u00e4huoltojen hinnastoHintoihin sis\u00e4ltyy alv. 25,5%Huolloissa vaadittavat varaosat ja&hellip;<a href=\"http:\/\/kmrantala.ddns.net\/index.php\/pyorahuolto\/\" class=\"more-link\"><span class=\"more-button\">Continue reading<span class=\"screen-reader-text\">Py\u00f6r\u00e4huolto<\/span><\/span><\/a><\/p>\n","protected":false},"author":1,"featured_media":0,"parent":0,"menu_order":0,"comment_status":"closed","ping_status":"closed","template":"","meta":{"footnotes":""},"class_list":["post-22","page","type-page","status-publish","hentry"],"_links":{"self":[{"href":"http:\/\/kmrantala.ddns.net\/index.php\/wp-json\/wp\/v2\/pages\/22","targetHints":{"allow":["GET"]}}],"collection":[{"href":"http:\/\/kmrantala.ddns.net\/index.php\/wp-json\/wp\/v2\/pages"}],"about":[{"href":"http:\/\/kmrantala.ddns.net\/index.php\/wp-json\/wp\/v2\/types\/page"}],"author":[{"embeddable":true,"href":"http:\/\/kmrantala.ddns.net\/index.php\/wp-json\/wp\/v2\/users\/1"}],"replies":[{"embeddable":true,"href":"http:\/\/kmrantala.ddns.net\/index.php\/wp-json\/wp\/v2\/comments?post=22"}],"version-history":[{"count":59,"href":"http:\/\/kmrantala.ddns.net\/index.php\/wp-json\/wp\/v2\/pages\/22\/revisions"}],"predecessor-version":[{"id":486,"href":"http:\/\/kmrantala.ddns.net\/index.php\/wp-json\/wp\/v2\/pages\/22\/revisions\/486"}],"wp:attachment":[{"href":"http:\/\/kmrantala.ddns.net\/index.php\/wp-json\/wp\/v2\/media?parent=22"}],"curies":[{"name":"wp","href":"https:\/\/api.w.org\/{rel}","templated":true}]}}