{"id":371,"date":"2025-05-26T22:11:30","date_gmt":"2025-05-26T19:11:30","guid":{"rendered":"https:\/\/kmrantala.ddns.net\/?page_id=371"},"modified":"2025-09-22T13:51:49","modified_gmt":"2025-09-22T10:51:49","slug":"polkupyoran-kuljetustelineen-vuokraus","status":"publish","type":"page","link":"http:\/\/kmrantala.ddns.net\/index.php\/polkupyoran-kuljetustelineen-vuokraus\/","title":{"rendered":"Py\u00f6r\u00e4telineen vuokraus"},"content":{"rendered":"\n<div class=\"wp-block-cover is-light\"><img loading=\"lazy\" decoding=\"async\" width=\"1022\" height=\"1024\" class=\"wp-block-cover__image-background wp-image-373 size-large\" alt=\"\" src=\"http:\/\/kmrantala.ddns.net\/wp-content\/uploads\/2025\/05\/Pyorateline-1022x1024.png\" data-object-fit=\"cover\" srcset=\"http:\/\/kmrantala.ddns.net\/wp-content\/uploads\/2025\/05\/Pyorateline-1022x1024.png 1022w, http:\/\/kmrantala.ddns.net\/wp-content\/uploads\/2025\/05\/Pyorateline-300x300.png 300w, http:\/\/kmrantala.ddns.net\/wp-content\/uploads\/2025\/05\/Pyorateline-150x150.png 150w, http:\/\/kmrantala.ddns.net\/wp-content\/uploads\/2025\/05\/Pyorateline-768x770.png 768w, http:\/\/kmrantala.ddns.net\/wp-content\/uploads\/2025\/05\/Pyorateline-619x620.png 619w, http:\/\/kmrantala.ddns.net\/wp-content\/uploads\/2025\/05\/Pyorateline-998x1000.png 998w, http:\/\/kmrantala.ddns.net\/wp-content\/uploads\/2025\/05\/Pyorateline-600x601.png 600w, http:\/\/kmrantala.ddns.net\/wp-content\/uploads\/2025\/05\/Pyorateline-400x401.png 400w, http:\/\/kmrantala.ddns.net\/wp-content\/uploads\/2025\/05\/Pyorateline.png 1347w\" sizes=\"auto, (max-width: 1022px) 100vw, 1022px\" \/><span aria-hidden=\"true\" class=\"wp-block-cover__background has-background-dim\" style=\"background-color:#dddddd\"><\/span><div class=\"wp-block-cover__inner-container is-layout-constrained wp-block-cover-is-layout-constrained\">\n<p class=\"has-text-align-center has-large-font-size\"><\/p>\n<\/div><\/div>\n\n\n\n<p>Auton vetokoukkuun kiinnitett\u00e4v\u00e4 polkupy\u00f6r\u00e4n kuljetusteline kahdelle polkupy\u00f6r\u00e4lle. Soveltuu s\u00e4hk\u00f6py\u00f6rille ja fatbikelle.<br>Polkupy\u00f6r\u00e4t kiinnitet\u00e4\u00e4n kuljetustelineeseen renkaista pikakiinnikkeisten remmien avulla, sek\u00e4 kiinte\u00e4ll\u00e4 varrella olevilla lukittavilla runkokiinnikeill\u00e4.<br>&#8211; Telineen paino: 20kg<br>&#8211; Kantavuus: 60kg (2x30kg)<br>&#8211; Polkupy\u00f6r\u00e4n akseliv\u00e4li korkeintaan: 133cm<br>&#8211; Polkupy\u00f6r\u00e4n renkaan leveys korkeintaan: 4&#8243;<br>&#8211; Polkupy\u00f6r\u00e4n rungon halkaisija kiinnityskohdasta korkeintaan: 40mm<br>&#8211; Taittomekanismi joka mahdollistaa takaluukun avaamisen telineen ollessa kiinnitettyn\u00e4 autoon, my\u00f6s py\u00f6rien ollessa kiinnitettyn\u00e4 telineeseen<br>&#8211; Takavalot (13-napainen pistoke, mukana adapteri 7-napaiseen pistokkeeseen)<br><br><strong>Hinta: 15\u20ac\/vuorokausi tai 70\u20ac\/viikko <\/strong>(alv. 25,5%)<\/p>\n\n\n\n<p>Varaukset puhelimitse 050 492 8212<\/p>\n\n\n\n<details class=\"wp-block-details is-layout-flow wp-block-details-is-layout-flow\"><summary>Polkupy\u00f6r\u00e4n kuljetustelineen vuokrausehdot<\/summary>\n<p><\/p>\n\n\n\n<ol class=\"wp-block-list\">\n<li><strong>Sopijapuolet ja soveltamisala<\/strong><br>N\u00e4it\u00e4 sopimusehtoja sovelletaan vuokranantajan ja vuokraajan v\u00e4lill\u00e4. N\u00e4ill\u00e4 ehdoilla ei v\u00e4hennet\u00e4 kuluttajan kuluttajasuojalains\u00e4\u00e4d\u00e4nn\u00f6n mukaisia oikeuksia.<br><\/li>\n\n\n\n<li><strong>Vuokrauksen kohde<\/strong><br>Vuokrauksen kohteena on polkupy\u00f6rien kuljetusteline sellaisena ja niine tarvikkeineen kuin vuokranantaja on vuokrasopimusta teht\u00e4ess\u00e4 ne kirjallisesti yksil\u00f6inyt.<br>Vuokranantajan luovuttaessa kuljetustelineen vuokraajalle kumpikin osapuoli tarkistaa kuljetustelineen ulkoisen kunnon mahdollisten vaurioiden syntyajankohtaa koskevien kiistojen ehk\u00e4isemiseksi.<br><\/li>\n\n\n\n<li><strong>Kuljetustelineen k\u00e4ytt\u00f6<\/strong><br>Vuokraajan tulee k\u00e4ytt\u00e4\u00e4 kuljetustelinett\u00e4 huolellisesti vain sille tarkoitettuun tavanomaiseen k\u00e4ytt\u00f6\u00f6n, annettujen k\u00e4ytt\u00f6ohjeiden mukaisesti, sek\u00e4 puhdistaa kuljetusteline k\u00e4yt\u00f6n j\u00e4lkeen.<br>Kuljetustelineess\u00e4 kuljetettavia polkupy\u00f6ri\u00e4 ei saa peitt\u00e4\u00e4 pressulla tai muulla vastaavalla materiaalilla.<br>Vuokraaja ei saa korjata tai korjauttaa kuljetustelinett\u00e4 ilman vuokranantajan antamaa suostumusta.<br><\/li>\n\n\n\n<li><strong>Vuokraajan vastuu<\/strong><br>Vuokraaja on velvollinen korvaamaan kuljetustelineelle tai sen varusteisiin vuokra-aikana aiheutuneet vahingot ja kustannukset.<br>Vuokraaja on velvollinen korvaamaan vuokra-aikana tuhoutuneen tai kadonneen kuljetustelineen tai varusteen sen uushankinta-arvoon.<br>Vuokraaja on vastuussa kuljettamastaan omaisuudesta kaikissa tilanteissa tai onnettomuuksissa.<br>Vuokraaja on velvollinen noudattamaan voimassa olevia lakeja ja asetuksia k\u00e4ytt\u00e4ess\u00e4\u00e4n kuljetustelinett\u00e4.<br><\/li>\n\n\n\n<li><strong>Vuokraajan vapautuminen korvausvastuusta<\/strong><br>Vuokraaja vapautuu korvausvastuusta jos vuokranantaja saa t\u00e4yden korvauksen vahingosta vastapuolen liikennevakuutuksen perusteella tai vahingon aiheuttajalta.<br><\/li>\n\n\n\n<li><strong>Vuokranantajan vastuu<\/strong><br>Vuokranantajan on luovutettava kuljetusteline vuokraajalle k\u00e4ytt\u00f6kuntoisena ja sovittuna aikana ja sovitussa paikassa.<br>Vuokranantaja vastaa kuljetustelineen normaalista kulumisesta aiheutuvista korjauskustannuksista.<br>Vuokranantaja ei vastaa kuljetustelineen k\u00e4yt\u00f6st\u00e4 tai rikkoutumisesta vuokraajalle mahdollisesti aiheutuvista v\u00e4lillisist\u00e4 tai v\u00e4litt\u00f6mist\u00e4 kustannuksista tai vahingoista<br><\/li>\n\n\n\n<li><strong>Vuokraajan toimenpiteet virhe-, vahinko- ja varkaustapauksissa.<\/strong><br>Vuokraajan on v\u00e4litt\u00f6m\u00e4sti ilmoitettava vuokranantajalle kuljetustelineess\u00e4 ilmenneest\u00e4 virheest\u00e4 tai kuljetustelinett\u00e4 kohdanneesta vahingosta tai varkaudesta.<br>Vuokranantajan on t\u00e4m\u00e4n j\u00e4lkeen ilmoitettava vuokraajalle, mihin toimenpiteisiin tapahtuneen johdosta on ryhdytt\u00e4v\u00e4.<br>Liikennevahingon sattuessa vuokraaja on aina velvollinen tekem\u00e4\u00e4n viipym\u00e4tt\u00e4 vahinkoilmoituksen vuokranantajalle.<br><\/li>\n\n\n\n<li><strong>Kuljetustelineen palauttaminen sopimuksen mukaisen vuokra-ajan p\u00e4\u00e4ttyess\u00e4<\/strong><br>Kuljetusteline on palautettava sovittuun paikkaan sovitun vuokra-ajan p\u00e4\u00e4ttyess\u00e4.<br>Sopimuksen mukainen vuokra-aika p\u00e4\u00e4ttyy, kun kuljetusteline on palautettu vuokranantajalle ja palautustarkastus suoritettu.<br><\/li>\n\n\n\n<li><strong>Kuljetustelineen palauttaminen ennen sovitun vuokra-ajan p\u00e4\u00e4ttymist\u00e4<\/strong><br>Kuljetustelineen palauttaminen ennen sovitun vuokra-ajan p\u00e4\u00e4ttymist\u00e4 ei oikeuta vuokranpalautukseen.<br><\/li>\n\n\n\n<li><strong>Sopimuksen purkautuminen<\/strong><br>Vuokranantajalla on oikeus vuokra-ajan kuluessa purkaa t\u00e4m\u00e4 sopimus, mik\u00e4li vuokraaja laiminly\u00f6 tai olennaisesti rikkoo t\u00e4m\u00e4n sopimuksen ehtoja. Vuokranantajan on oikeus purkaa t\u00e4m\u00e4 sopimus ja ottaa kuljetusteline takaisin haltuunsa vuokraajaa kuulematta. Samanlainen oikeus vuokranantajalla on, jos vuokraajan toiminta tai h\u00e4nen taloudelliset olonsa osoittautuvat sellaisiksi, ett\u00e4 on painavia syit\u00e4 olettaa h\u00e4nen laiminly\u00f6v\u00e4n maksuvelvollisuutensa tai muutoin j\u00e4tt\u00e4v\u00e4n sopimusvelvollisuutensa olennaisilta osin t\u00e4ytt\u00e4m\u00e4tt\u00e4. Vuokraaja on velvollinen korvaamaan vuokrasopimuksen purkamisesta vuokraajalle syntyneet kustannukset ja vahingot.<br><\/li>\n\n\n\n<li><strong>Kuljetustelineen vieminen Suomen rajojen ulkopuolelle<\/strong><br>Kuljetustelineen viemisest\u00e4 Suomen valtakunnan rajojen ulkopuolelle on sovittava vuokraajan kanssa erikseen.<br><\/li>\n\n\n\n<li><strong>Vuokrasopimuksen siirt\u00e4minen<\/strong><br>Vuokraajalla ei ole oikeutta siirt\u00e4\u00e4 vuokrasopimusta eik\u00e4 luovuttaa kuljetustelinett\u00e4 kolmannelle osapuolelle ilman vuokranantajan kirjallista suostumusta.<br><\/li>\n\n\n\n<li><strong>Sopimusta koskevat riidat<\/strong><br>Erimielisyydet pyrit\u00e4\u00e4n ratkaisemaan ensisijaisesti neuvotteluilla. Jos erimielisyydet saatetaan tuomioistuimen ratkaistavaksi, tulee kanne nostaa vuokranantajan kotipaikan k\u00e4r\u00e4j\u00e4oikeudessa.<\/li>\n<\/ol>\n<\/details>\n","protected":false},"excerpt":{"rendered":"<p>Auton vetokoukkuun kiinnitett\u00e4v\u00e4 polkupy\u00f6r\u00e4n kuljetusteline kahdelle polkupy\u00f6r\u00e4lle. Soveltuu s\u00e4hk\u00f6py\u00f6rille ja fatbikelle.Polkupy\u00f6r\u00e4t kiinnitet\u00e4\u00e4n kuljetustelineeseen renkaista pikakiinnikkeisten remmien avulla, sek\u00e4 kiinte\u00e4ll\u00e4 varrella olevilla lukittavilla runkokiinnikeill\u00e4.&#8211; Telineen paino: 20kg&#8211; Kantavuus: 60kg (2x30kg)&#8211; Polkupy\u00f6r\u00e4n&hellip;<a href=\"http:\/\/kmrantala.ddns.net\/index.php\/polkupyoran-kuljetustelineen-vuokraus\/\" class=\"more-link\"><span class=\"more-button\">Continue reading<span class=\"screen-reader-text\">Py\u00f6r\u00e4telineen vuokraus<\/span><\/span><\/a><\/p>\n","protected":false},"author":1,"featured_media":0,"parent":0,"menu_order":0,"comment_status":"closed","ping_status":"closed","template":"","meta":{"footnotes":""},"class_list":["post-371","page","type-page","status-publish","hentry"],"_links":{"self":[{"href":"http:\/\/kmrantala.ddns.net\/index.php\/wp-json\/wp\/v2\/pages\/371","targetHints":{"allow":["GET"]}}],"collection":[{"href":"http:\/\/kmrantala.ddns.net\/index.php\/wp-json\/wp\/v2\/pages"}],"about":[{"href":"http:\/\/kmrantala.ddns.net\/index.php\/wp-json\/wp\/v2\/types\/page"}],"author":[{"embeddable":true,"href":"http:\/\/kmrantala.ddns.net\/index.php\/wp-json\/wp\/v2\/users\/1"}],"replies":[{"embeddable":true,"href":"http:\/\/kmrantala.ddns.net\/index.php\/wp-json\/wp\/v2\/comments?post=371"}],"version-history":[{"count":19,"href":"http:\/\/kmrantala.ddns.net\/index.php\/wp-json\/wp\/v2\/pages\/371\/revisions"}],"predecessor-version":[{"id":489,"href":"http:\/\/kmrantala.ddns.net\/index.php\/wp-json\/wp\/v2\/pages\/371\/revisions\/489"}],"wp:attachment":[{"href":"http:\/\/kmrantala.ddns.net\/index.php\/wp-json\/wp\/v2\/media?parent=371"}],"curies":[{"name":"wp","href":"https:\/\/api.w.org\/{rel}","templated":true}]}}