{"id":40,"date":"2025-05-08T16:30:05","date_gmt":"2025-05-08T13:30:05","guid":{"rendered":"http:\/\/tmikmrantala.ddns.net\/?page_id=40"},"modified":"2025-06-26T09:32:27","modified_gmt":"2025-06-26T06:32:27","slug":"yhteystiedot","status":"publish","type":"page","link":"http:\/\/kmrantala.ddns.net\/index.php\/yhteystiedot\/","title":{"rendered":"Yhteystiedot"},"content":{"rendered":"\n<div class=\"wp-block-columns is-layout-flex wp-container-core-columns-is-layout-9d6595d7 wp-block-columns-is-layout-flex\">\n<div class=\"wp-block-column is-layout-flow wp-block-column-is-layout-flow\" style=\"flex-basis:66.66%\">\n<p><strong>Tmi K-M.Rantala<\/strong><br>Kaj-Markus Rantala<br><br>Ampiaisentie 6<br>28200 Pori<br><br>050 492 8212<br>tmikmrantala@gmail.com<br><br>Y-tunnus: 3534873-6<\/p>\n<\/div>\n<\/div>\n\n\n\n<div class=\"wp-block-columns is-layout-flex wp-container-core-columns-is-layout-9d6595d7 wp-block-columns-is-layout-flex\">\n<div class=\"wp-block-column is-layout-flow wp-block-column-is-layout-flow\"><div class=\"wp-block-image\">\n<figure class=\"aligncenter size-large is-resized\"><img loading=\"lazy\" decoding=\"async\" width=\"931\" height=\"1024\" src=\"http:\/\/kmrantala.ddns.net\/wp-content\/uploads\/2025\/06\/Rantala_Kaj-Markus_BW-931x1024.jpg\" alt=\"\" class=\"wp-image-455\" style=\"width:357px;height:auto\" srcset=\"http:\/\/kmrantala.ddns.net\/wp-content\/uploads\/2025\/06\/Rantala_Kaj-Markus_BW-931x1024.jpg 931w, http:\/\/kmrantala.ddns.net\/wp-content\/uploads\/2025\/06\/Rantala_Kaj-Markus_BW-273x300.jpg 273w, http:\/\/kmrantala.ddns.net\/wp-content\/uploads\/2025\/06\/Rantala_Kaj-Markus_BW-768x845.jpg 768w, http:\/\/kmrantala.ddns.net\/wp-content\/uploads\/2025\/06\/Rantala_Kaj-Markus_BW-564x620.jpg 564w, http:\/\/kmrantala.ddns.net\/wp-content\/uploads\/2025\/06\/Rantala_Kaj-Markus_BW-909x1000.jpg 909w, http:\/\/kmrantala.ddns.net\/wp-content\/uploads\/2025\/06\/Rantala_Kaj-Markus_BW-591x650.jpg 591w, http:\/\/kmrantala.ddns.net\/wp-content\/uploads\/2025\/06\/Rantala_Kaj-Markus_BW-400x440.jpg 400w, http:\/\/kmrantala.ddns.net\/wp-content\/uploads\/2025\/06\/Rantala_Kaj-Markus_BW.jpg 1000w\" sizes=\"auto, (max-width: 931px) 100vw, 931px\" \/><\/figure>\n<\/div><\/div>\n\n\n\n<div class=\"wp-block-column is-layout-flow wp-block-column-is-layout-flow\">\n<p>Olen porilainen tietotekniikan ammattilainen ja perheenis\u00e4, joka tarjoaa sivutoimisesti asiantuntevaa apua arjen teknisiin haasteisiin. Yritykseni tarjoaa tietotekniikan ja viihde-elektroniikan konsultointia ja tukipalveluita yksityishenkil\u00f6ille sek\u00e4 yleishy\u00f6dyllisille yhdistyksille. Lis\u00e4ksi palveluihini kuuluvat polkupy\u00f6r\u00e4huollot ja luistimien teroitukset.<\/p>\n\n\n\n<p>Olen syntynyt ja kasvanut Porissa, jossa asun edelleen perheeni kanssa. P\u00e4iv\u00e4ty\u00f6ss\u00e4ni toimin palvelup\u00e4\u00e4llikk\u00f6n\u00e4 IT-palveluyrityksess\u00e4, joka tuottaa ratkaisuja sosiaali- ja terveydenhuollolle. Tietotekniikan parissa olen ty\u00f6skennellyt vuodesta 2004 alkaen, ensin l\u00e4hitukihenkil\u00f6n\u00e4, sen j\u00e4lkeen eri esimiesteht\u00e4viss\u00e4, ja nykyisin p\u00e4\u00e4telaitepalveluista vastaavana palvelup\u00e4\u00e4llikk\u00f6n\u00e4.<\/p>\n\n\n\n<p>Vapaa-ajallani olen ollut aktiivisesti mukana urheilutoiminnassa. Olen toiminut jalkapallovalmentajana ja suorittanut UEFA B -tason valmentajalisenssin. Lis\u00e4ksi olen ollut mukana paikallisen jalkapalloseuran johtokunnassa vuodesta 2010 ja toiminut seuran puheenjohtajana vuodesta 2019 alkaen. Sek\u00e4 t\u00e4m\u00e4 pitk\u00e4aikainen yhdistystoiminta ett\u00e4 ty\u00f6ni kautta kertynyt kokemus ovat antaneet minulle vahvan ymm\u00e4rryksen yleishy\u00f6dyllisten yhdistysten tietoteknisist\u00e4 tarpeista ja niihin soveltuvista k\u00e4yt\u00e4nn\u00f6n ratkaisuista.<\/p>\n\n\n\n<p>Polkupy\u00f6rien huolto on minulle tuttua omasta arjestani \u2013 perheess\u00e4mme on kuusi polkupy\u00f6r\u00e4\u00e4, joita olen vuosien varrella korjannut ja huoltanut. Lis\u00e4ksi olen huoltanut ja korjannut tuttavien ja sukulaisten polkupy\u00f6ri\u00e4. Kokemuksen my\u00f6t\u00e4 olen kartuttanut osaamista monenlaisista huoltot\u00f6ist\u00e4 ja hankkinut erikoisty\u00f6kaluja vaativampiakin toimenpiteit\u00e4 varten. Olen my\u00f6s rakentanut polkupy\u00f6ri\u00e4 alusta alkaen itse valitsemistani osista. Luistimien teroituksen salat olen opetellut j\u00e4\u00e4pallojuniorien luistimia huoltaessani. Minulta toki onnistuu my\u00f6s muidenkin, kuin j\u00e4\u00e4palloluistimien teroitus.<\/p>\n\n\n\n<p>Teen ty\u00f6ni huolellisesti ja asiakasl\u00e4ht\u00f6isesti \u2013 oli kyse sitten tietokoneen ongelmasta, py\u00f6r\u00e4n huollosta tai ter\u00e4vist\u00e4 luistimista.<\/p>\n<\/div>\n<\/div>\n","protected":false},"excerpt":{"rendered":"<p>Tmi K-M.RantalaKaj-Markus Rantala Ampiaisentie 628200 Pori 050 492 8212tmikmrantala@gmail.com Y-tunnus: 3534873-6 Olen porilainen tietotekniikan ammattilainen ja perheenis\u00e4, joka tarjoaa sivutoimisesti asiantuntevaa apua arjen teknisiin haasteisiin. Yritykseni tarjoaa tietotekniikan ja viihde-elektroniikan&hellip;<a href=\"http:\/\/kmrantala.ddns.net\/index.php\/yhteystiedot\/\" class=\"more-link\"><span class=\"more-button\">Continue reading<span class=\"screen-reader-text\">Yhteystiedot<\/span><\/span><\/a><\/p>\n","protected":false},"author":1,"featured_media":0,"parent":0,"menu_order":0,"comment_status":"closed","ping_status":"closed","template":"","meta":{"footnotes":""},"class_list":["post-40","page","type-page","status-publish","hentry"],"_links":{"self":[{"href":"http:\/\/kmrantala.ddns.net\/index.php\/wp-json\/wp\/v2\/pages\/40","targetHints":{"allow":["GET"]}}],"collection":[{"href":"http:\/\/kmrantala.ddns.net\/index.php\/wp-json\/wp\/v2\/pages"}],"about":[{"href":"http:\/\/kmrantala.ddns.net\/index.php\/wp-json\/wp\/v2\/types\/page"}],"author":[{"embeddable":true,"href":"http:\/\/kmrantala.ddns.net\/index.php\/wp-json\/wp\/v2\/users\/1"}],"replies":[{"embeddable":true,"href":"http:\/\/kmrantala.ddns.net\/index.php\/wp-json\/wp\/v2\/comments?post=40"}],"version-history":[{"count":17,"href":"http:\/\/kmrantala.ddns.net\/index.php\/wp-json\/wp\/v2\/pages\/40\/revisions"}],"predecessor-version":[{"id":465,"href":"http:\/\/kmrantala.ddns.net\/index.php\/wp-json\/wp\/v2\/pages\/40\/revisions\/465"}],"wp:attachment":[{"href":"http:\/\/kmrantala.ddns.net\/index.php\/wp-json\/wp\/v2\/media?parent=40"}],"curies":[{"name":"wp","href":"https:\/\/api.w.org\/{rel}","templated":true}]}}