{"id":403,"date":"2025-05-29T18:11:23","date_gmt":"2025-05-29T15:11:23","guid":{"rendered":"http:\/\/kmrantala.ddns.net\/?page_id=403"},"modified":"2025-06-26T09:33:57","modified_gmt":"2025-06-26T06:33:57","slug":"luistinten-teroitus","status":"publish","type":"page","link":"http:\/\/kmrantala.ddns.net\/index.php\/luistinten-teroitus\/","title":{"rendered":"Luistimien teroitus"},"content":{"rendered":"\n<div class=\"wp-block-cover is-light\"><img loading=\"lazy\" decoding=\"async\" width=\"1024\" height=\"1024\" class=\"wp-block-cover__image-background wp-image-404 size-large\" alt=\"\" src=\"http:\/\/kmrantala.ddns.net\/wp-content\/uploads\/2025\/05\/SSM-2_side_bw-1024x1024.jpg\" data-object-fit=\"cover\" srcset=\"http:\/\/kmrantala.ddns.net\/wp-content\/uploads\/2025\/05\/SSM-2_side_bw-1024x1024.jpg 1024w, http:\/\/kmrantala.ddns.net\/wp-content\/uploads\/2025\/05\/SSM-2_side_bw-300x300.jpg 300w, http:\/\/kmrantala.ddns.net\/wp-content\/uploads\/2025\/05\/SSM-2_side_bw-150x150.jpg 150w, http:\/\/kmrantala.ddns.net\/wp-content\/uploads\/2025\/05\/SSM-2_side_bw-768x768.jpg 768w, http:\/\/kmrantala.ddns.net\/wp-content\/uploads\/2025\/05\/SSM-2_side_bw-1536x1536.jpg 1536w, http:\/\/kmrantala.ddns.net\/wp-content\/uploads\/2025\/05\/SSM-2_side_bw-620x620.jpg 620w, http:\/\/kmrantala.ddns.net\/wp-content\/uploads\/2025\/05\/SSM-2_side_bw-1000x1000.jpg 1000w, http:\/\/kmrantala.ddns.net\/wp-content\/uploads\/2025\/05\/SSM-2_side_bw-600x600.jpg 600w, http:\/\/kmrantala.ddns.net\/wp-content\/uploads\/2025\/05\/SSM-2_side_bw-400x400.jpg 400w, http:\/\/kmrantala.ddns.net\/wp-content\/uploads\/2025\/05\/SSM-2_side_bw.jpg 2048w\" sizes=\"auto, (max-width: 1024px) 100vw, 1024px\" \/><span aria-hidden=\"true\" class=\"wp-block-cover__background has-background-dim\" style=\"background-color:#d5d5d5\"><\/span><div class=\"wp-block-cover__inner-container is-layout-constrained wp-block-cover-is-layout-constrained\">\n<p class=\"has-text-align-center has-large-font-size\"><\/p>\n<\/div><\/div>\n\n\n\n<p><\/p>\n\n\n\n<p><strong>Luistimien teroitus 10\u20ac\/pari<\/strong><br><strong>Useammat luistimet samalla kertaa ja samalla uralla 8\u20ac\/pari<\/strong><br>Maksutapoina k\u00e4yv\u00e4t k\u00e4teinen, korttimaksu ja MobilePay.<br><br>Teroitan luistimet aina asiakkaan toivomalla tavalla.<br>Voit valita luistimiin teroitettavan uran 8-38mm v\u00e4lilt\u00e4, tai luistimen ter\u00e4 voidaan teroittaa tasaiseksi.<br><br><\/p>\n\n\n\n<div class=\"wp-block-columns is-layout-flex wp-container-core-columns-is-layout-9d6595d7 wp-block-columns-is-layout-flex\">\n<div class=\"wp-block-column is-layout-flow wp-block-column-is-layout-flow\"><div class=\"wp-block-image\">\n<figure class=\"aligncenter size-full\"><img loading=\"lazy\" decoding=\"async\" width=\"526\" height=\"376\" src=\"http:\/\/kmrantala.ddns.net\/wp-content\/uploads\/2025\/06\/ura.png\" alt=\"\" class=\"wp-image-437\" srcset=\"http:\/\/kmrantala.ddns.net\/wp-content\/uploads\/2025\/06\/ura.png 526w, http:\/\/kmrantala.ddns.net\/wp-content\/uploads\/2025\/06\/ura-300x214.png 300w, http:\/\/kmrantala.ddns.net\/wp-content\/uploads\/2025\/06\/ura-400x286.png 400w\" sizes=\"auto, (max-width: 526px) 100vw, 526px\" \/><\/figure>\n<\/div><\/div>\n\n\n\n<div class=\"wp-block-column is-vertically-aligned-center is-layout-flow wp-block-column-is-layout-flow\">\n<figure class=\"wp-block-image size-full\"><img loading=\"lazy\" decoding=\"async\" width=\"444\" height=\"292\" src=\"http:\/\/kmrantala.ddns.net\/wp-content\/uploads\/2025\/06\/uravaihtoehdot.png\" alt=\"\" class=\"wp-image-452\" srcset=\"http:\/\/kmrantala.ddns.net\/wp-content\/uploads\/2025\/06\/uravaihtoehdot.png 444w, http:\/\/kmrantala.ddns.net\/wp-content\/uploads\/2025\/06\/uravaihtoehdot-300x197.png 300w, http:\/\/kmrantala.ddns.net\/wp-content\/uploads\/2025\/06\/uravaihtoehdot-400x263.png 400w\" sizes=\"auto, (max-width: 444px) 100vw, 444px\" \/><\/figure>\n<\/div>\n<\/div>\n\n\n\n<p><strong>Kuinka valita urasyvyys?<\/strong><br>On hyvin henkil\u00f6kohtaista millaset ter\u00e4t tuntuvat kenellekin parhaalta. Syvempi ura (pienempi s\u00e4de) lis\u00e4\u00e4 pitoa j\u00e4\u00e4h\u00e4n, mutta siin\u00e4 on heikommat liukuominaisuudet koska ter\u00e4 uppoaa syvemm\u00e4lle j\u00e4\u00e4h\u00e4n. Vastaavasti matalalla uralla teroitetut luistimet tuntuvat tylsemmilt\u00e4, mutta ne liukuvat paremmin j\u00e4\u00e4n p\u00e4\u00e4ll\u00e4. T\u00e4st\u00e4 syyst\u00e4 esimerkiksi j\u00e4\u00e4pallo- ja pikaluistimiin ei teroituksessa tehd\u00e4 uraa ollenkaan, vaan ter\u00e4 teroitetaan tasaiseksi (Flat).<br>25mm urasyvyytt\u00e4 k\u00e4ytet\u00e4\u00e4n usein &#8221;markettiteroituksissa&#8221;, ja se onkin usein hyv\u00e4 l\u00e4ht\u00f6kohta l\u00e4hte\u00e4 hakemaan itselle parhainten toimivaa teroitusta.<br>Urasyvyys voidaan laskea my\u00f6s kaavalla [Kehonpaino]\/3,14 (Pii)<br>Esimerkiksi 80kg\/3,14=25,45, eli noin 25mm ura.<\/p>\n\n\n\n<p><\/p>\n","protected":false},"excerpt":{"rendered":"<p>Luistimien teroitus 10\u20ac\/pariUseammat luistimet samalla kertaa ja samalla uralla 8\u20ac\/pariMaksutapoina k\u00e4yv\u00e4t k\u00e4teinen, korttimaksu ja MobilePay. Teroitan luistimet aina asiakkaan toivomalla tavalla.Voit valita luistimiin teroitettavan uran 8-38mm v\u00e4lilt\u00e4, tai luistimen ter\u00e4&hellip;<a href=\"http:\/\/kmrantala.ddns.net\/index.php\/luistinten-teroitus\/\" class=\"more-link\"><span class=\"more-button\">Continue reading<span class=\"screen-reader-text\">Luistimien teroitus<\/span><\/span><\/a><\/p>\n","protected":false},"author":1,"featured_media":0,"parent":0,"menu_order":0,"comment_status":"closed","ping_status":"closed","template":"","meta":{"footnotes":""},"class_list":["post-403","page","type-page","status-publish","hentry"],"_links":{"self":[{"href":"http:\/\/kmrantala.ddns.net\/index.php\/wp-json\/wp\/v2\/pages\/403","targetHints":{"allow":["GET"]}}],"collection":[{"href":"http:\/\/kmrantala.ddns.net\/index.php\/wp-json\/wp\/v2\/pages"}],"about":[{"href":"http:\/\/kmrantala.ddns.net\/index.php\/wp-json\/wp\/v2\/types\/page"}],"author":[{"embeddable":true,"href":"http:\/\/kmrantala.ddns.net\/index.php\/wp-json\/wp\/v2\/users\/1"}],"replies":[{"embeddable":true,"href":"http:\/\/kmrantala.ddns.net\/index.php\/wp-json\/wp\/v2\/comments?post=403"}],"version-history":[{"count":13,"href":"http:\/\/kmrantala.ddns.net\/index.php\/wp-json\/wp\/v2\/pages\/403\/revisions"}],"predecessor-version":[{"id":467,"href":"http:\/\/kmrantala.ddns.net\/index.php\/wp-json\/wp\/v2\/pages\/403\/revisions\/467"}],"wp:attachment":[{"href":"http:\/\/kmrantala.ddns.net\/index.php\/wp-json\/wp\/v2\/media?parent=403"}],"curies":[{"name":"wp","href":"https:\/\/api.w.org\/{rel}","templated":true}]}}