{"id":58,"date":"2025-05-08T17:06:13","date_gmt":"2025-05-08T14:06:13","guid":{"rendered":"http:\/\/tmikmrantala.ddns.net\/?page_id=58"},"modified":"2025-06-26T09:33:41","modified_gmt":"2025-06-26T06:33:41","slug":"atk-ja-viihde-elektroniikka-apu-ja-konsultointi","status":"publish","type":"page","link":"http:\/\/kmrantala.ddns.net\/index.php\/atk-ja-viihde-elektroniikka-apu-ja-konsultointi\/","title":{"rendered":"ATK ja viihde-elektroniikka tuki"},"content":{"rendered":"\n<div class=\"wp-block-cover is-light\"><img loading=\"lazy\" decoding=\"async\" width=\"900\" height=\"592\" class=\"wp-block-cover__image-background wp-image-77 size-full\" alt=\"\" src=\"http:\/\/kmrantala.ddns.net\/wp-content\/uploads\/2025\/05\/tietokoneita.png\" data-object-fit=\"cover\"\/><span aria-hidden=\"true\" class=\"wp-block-cover__background has-background-dim\" style=\"background-color:#bbbbbc\"><\/span><div class=\"wp-block-cover__inner-container is-layout-constrained wp-block-cover-is-layout-constrained\">\n<p class=\"has-text-align-center has-large-font-size\"><\/p>\n<\/div><\/div>\n\n\n\n<p>Minulla on yli 20 vuoden ty\u00f6kokemus IT-alalta, jossa olen toiminut teknisiss\u00e4 teht\u00e4viss\u00e4, esimiesteht\u00e4viss\u00e4, asiakaspalvelussa ja myynnin tukena. P\u00e4\u00e4ty\u00f6kseni ty\u00f6skentelen edelleen isossa IT-alan yrityksess\u00e4.<br>Lis\u00e4ksi yhdistysaktiivina olen oman ammattini &#8221;velvoittamana&#8221; perehtynyt my\u00f6s yhdistysten IT-tarpeisiin ja mahdollisuuksiin.<br><br>Tarjoan apuani yksityishenkil\u00f6ille ja yhdistyksille arkisissa tietotekniikan ja viihde-elektroniikan haasteissa ja kysymyksiss\u00e4.<\/p>\n\n\n\n<hr class=\"wp-block-separator has-alpha-channel-opacity is-style-wide\"\/>\n\n\n\n<p><strong>Palvelun hinta 40\u20ac\/tunti (alv. 25,5%)<\/strong><br>Palveluni avulla voit s\u00e4\u00e4st\u00e4\u00e4 satasia hankinnoissasi!<br>Maksutapoina k\u00e4yv\u00e4t k\u00e4teinen, korttimaksu ja MobilePay.<\/p>\n\n\n\n<hr class=\"wp-block-separator has-alpha-channel-opacity is-style-wide\"\/>\n\n\n\n<div class=\"wp-block-columns is-layout-flex wp-container-core-columns-is-layout-9d6595d7 wp-block-columns-is-layout-flex\">\n<div class=\"wp-block-column is-layout-flow wp-block-column-is-layout-flow\">\n<p><strong>Yksityishenkil\u00f6t<\/strong><\/p>\n\n\n\n<p>Onko uuden tietokoneen, television, puhelimen tai nettiliittym\u00e4n hankinta ajankohtaista?<br>Et ehk\u00e4 itse ymm\u00e4rr\u00e4 tai et ole kiinnostunut kaikista teknisist\u00e4 hienouksista joista laitteiden ja liittymien kohdalla kerrotaan, etk\u00e4 ole t\u00e4ysin varma onko UltraHD, 5G tai 50MP sinulle tarpeellisia.<br><br>Ota yhteytt\u00e4, niin katsotaan yhdess\u00e4 mik\u00e4 on sinun tarpeisiisi riitt\u00e4v\u00e4\u00e4.<br><br>Mik\u00e4li ep\u00e4ilet, ett\u00e4 myyj\u00e4 huijaa sinua kuitenkin ostamaan jotakin tarpeetonta niin voin tulla my\u00f6s liikkeeseen mukaan tekem\u00e4\u00e4n hankintaa kanssasi.<br><br>Voin my\u00f6s auttaa ja opastaa tietotekniikan ja viihde-elektroniikan k\u00e4yt\u00f6ss\u00e4 ja asennuksessa.<br><br>Voit hakea verottajalta kotitalousv\u00e4hennyst\u00e4 palveluideni k\u00e4ytt\u00e4misest\u00e4.<\/p>\n<\/div>\n\n\n\n<div class=\"wp-block-column is-layout-flow wp-block-column-is-layout-flow\">\n<p><strong>Yhdistykset<\/strong><\/p>\n\n\n\n<p>Tiesitk\u00f6, ett\u00e4 yleishy\u00f6dyllisell\u00e4 yhdistyksell\u00e4 on mahdollisuus saada monia sovelluksia ja j\u00e4rjestelmi\u00e4 k\u00e4ytt\u00f6\u00f6ns\u00e4 hyvinkin edullisesti tai jopa t\u00e4ysin maksutta?<br>Ennen kuin maksatte kalliista j\u00e4rjestelm\u00e4st\u00e4, niin katsotaan olisiko tarpeisiinne saatavilla maksutonta tai edullisempaa ratkaisua.<br><br>Voin my\u00f6s auttaa ja opastaa tietotekniikan k\u00e4yt\u00f6ss\u00e4, asennuksessa ja yll\u00e4pidossa.<br><br>Yhdistyksille maksutapavaihtoehtona my\u00f6s lasku.<br><br><\/p>\n<\/div>\n<\/div>\n\n\n\n<hr class=\"wp-block-separator has-alpha-channel-opacity is-style-wide\"\/>\n\n\n\n<p>Varaa aika alla olevasta painikkeesta avautuvasta kalenterista, tai soita 050 492 8212<br>Puhelimitse mahdollista sopia my\u00f6s varauskalenterin ulkopuolisista ajoista.<\/p>\n\n\n\n<!-- Google Calendar Appointment Scheduling begin -->\n<link href=\"https:\/\/calendar.google.com\/calendar\/scheduling-button-script.css\" rel=\"stylesheet\">\n<script src=\"https:\/\/calendar.google.com\/calendar\/scheduling-button-script.js\" async><\/script>\n<script>\n(function() {\n  var target = document.currentScript;\n  window.addEventListener('load', function() {\n    calendar.schedulingButton.load({\n      url: 'https:\/\/calendar.google.com\/calendar\/appointments\/schedules\/AcZssZ11zYR1kcSvnqt3iorLFDmtxAm6nTgT11GlZ0km3q8mB96Dsm6j705ML7mHYO-g-VNkdLrkLCMp?gv=true',\n      color: '#66d1b3',\n      label: \"Varaa aika\",\n      target,\n    });\n  });\n})();\n<\/script>\n<!-- end Google Calendar Appointment Scheduling -->\n","protected":false},"excerpt":{"rendered":"<p>Minulla on yli 20 vuoden ty\u00f6kokemus IT-alalta, jossa olen toiminut teknisiss\u00e4 teht\u00e4viss\u00e4, esimiesteht\u00e4viss\u00e4, asiakaspalvelussa ja myynnin tukena. P\u00e4\u00e4ty\u00f6kseni ty\u00f6skentelen edelleen isossa IT-alan yrityksess\u00e4.Lis\u00e4ksi yhdistysaktiivina olen oman ammattini &#8221;velvoittamana&#8221; perehtynyt my\u00f6s&hellip;<a href=\"http:\/\/kmrantala.ddns.net\/index.php\/atk-ja-viihde-elektroniikka-apu-ja-konsultointi\/\" class=\"more-link\"><span class=\"more-button\">Continue reading<span class=\"screen-reader-text\">ATK ja viihde-elektroniikka tuki<\/span><\/span><\/a><\/p>\n","protected":false},"author":1,"featured_media":0,"parent":0,"menu_order":0,"comment_status":"closed","ping_status":"closed","template":"","meta":{"footnotes":""},"class_list":["post-58","page","type-page","status-publish","hentry"],"_links":{"self":[{"href":"http:\/\/kmrantala.ddns.net\/index.php\/wp-json\/wp\/v2\/pages\/58","targetHints":{"allow":["GET"]}}],"collection":[{"href":"http:\/\/kmrantala.ddns.net\/index.php\/wp-json\/wp\/v2\/pages"}],"about":[{"href":"http:\/\/kmrantala.ddns.net\/index.php\/wp-json\/wp\/v2\/types\/page"}],"author":[{"embeddable":true,"href":"http:\/\/kmrantala.ddns.net\/index.php\/wp-json\/wp\/v2\/users\/1"}],"replies":[{"embeddable":true,"href":"http:\/\/kmrantala.ddns.net\/index.php\/wp-json\/wp\/v2\/comments?post=58"}],"version-history":[{"count":28,"href":"http:\/\/kmrantala.ddns.net\/index.php\/wp-json\/wp\/v2\/pages\/58\/revisions"}],"predecessor-version":[{"id":466,"href":"http:\/\/kmrantala.ddns.net\/index.php\/wp-json\/wp\/v2\/pages\/58\/revisions\/466"}],"wp:attachment":[{"href":"http:\/\/kmrantala.ddns.net\/index.php\/wp-json\/wp\/v2\/media?parent=58"}],"curies":[{"name":"wp","href":"https:\/\/api.w.org\/{rel}","templated":true}]}}